{"id":383,"date":"2023-03-25T05:01:49","date_gmt":"2023-03-25T04:01:49","guid":{"rendered":"https:\/\/pawelpawlicki.com\/?page_id=383"},"modified":"2026-03-10T23:51:23","modified_gmt":"2026-03-10T22:51:23","slug":"portfolio","status":"publish","type":"page","link":"https:\/\/pawelpawlicki.com\/index.php\/portfolio\/","title":{"rendered":"Portfolio"},"content":{"rendered":"\t\t<div data-elementor-type=\"wp-page\" data-elementor-id=\"383\" class=\"elementor elementor-383\">\n\t\t\t\t\t\t<section class=\"elementor-section elementor-top-section elementor-element elementor-element-d1fce82 elementor-section-boxed elementor-section-height-default elementor-section-height-default\" data-id=\"d1fce82\" data-element_type=\"section\" data-e-type=\"section\" id=\"top\" data-settings=\"{&quot;background_background&quot;:&quot;classic&quot;,&quot;shape_divider_bottom&quot;:&quot;opacity-tilt&quot;}\">\n\t\t\t\t\t\t\t<div class=\"elementor-background-overlay\"><\/div>\n\t\t\t\t\t\t<div class=\"elementor-shape elementor-shape-bottom\" aria-hidden=\"true\" data-negative=\"false\">\n\t\t\t<svg xmlns=\"http:\/\/www.w3.org\/2000\/svg\" viewBox=\"0 0 2600 131.1\" preserveAspectRatio=\"none\">\n\t<path class=\"elementor-shape-fill\" d=\"M0 0L2600 0 2600 69.1 0 0z\"\/>\n\t<path class=\"elementor-shape-fill\" style=\"opacity:0.5\" d=\"M0 0L2600 0 2600 69.1 0 69.1z\"\/>\n\t<path class=\"elementor-shape-fill\" style=\"opacity:0.25\" d=\"M2600 0L0 0 0 130.1 2600 69.1z\"\/>\n<\/svg>\t\t<\/div>\n\t\t\t\t\t<div class=\"elementor-container elementor-column-gap-default\">\n\t\t\t\t\t<div class=\"elementor-column elementor-col-100 elementor-top-column elementor-element elementor-element-35bfba0f\" data-id=\"35bfba0f\" data-element_type=\"column\" data-e-type=\"column\">\n\t\t\t<div class=\"elementor-widget-wrap elementor-element-populated\">\n\t\t\t\t\t\t<div class=\"elementor-element elementor-element-3de2a3c2 animated-fast elementor-invisible elementor-widget elementor-widget-heading\" data-id=\"3de2a3c2\" data-element_type=\"widget\" data-e-type=\"widget\" data-settings=\"{&quot;_animation&quot;:&quot;fadeIn&quot;}\" data-widget_type=\"heading.default\">\n\t\t\t\t<div class=\"elementor-widget-container\">\n\t\t\t\t\t<h2 class=\"elementor-heading-title elementor-size-default\">PawelPawlicki<\/h2>\t\t\t\t<\/div>\n\t\t\t\t<\/div>\n\t\t\t\t<div class=\"elementor-element elementor-element-414efd96 elementor-widget-divider--view-line elementor-invisible elementor-widget elementor-widget-divider\" data-id=\"414efd96\" data-element_type=\"widget\" data-e-type=\"widget\" data-settings=\"{&quot;_animation&quot;:&quot;fadeIn&quot;}\" data-widget_type=\"divider.default\">\n\t\t\t\t<div class=\"elementor-widget-container\">\n\t\t\t\t\t\t\t<div class=\"elementor-divider\">\n\t\t\t<span class=\"elementor-divider-separator\">\n\t\t\t\t\t\t<\/span>\n\t\t<\/div>\n\t\t\t\t\t\t<\/div>\n\t\t\t\t<\/div>\n\t\t\t\t<div class=\"elementor-element elementor-element-371c5ba2 animated-slow elementor-invisible elementor-widget elementor-widget-heading\" data-id=\"371c5ba2\" data-element_type=\"widget\" data-e-type=\"widget\" data-settings=\"{&quot;_animation&quot;:&quot;fadeIn&quot;}\" data-widget_type=\"heading.default\">\n\t\t\t\t<div class=\"elementor-widget-container\">\n\t\t\t\t\t<h2 class=\"elementor-heading-title elementor-size-default\"><i>Fotograf. Tw\u00f3rca cyfrowy.<\/i><\/h2>\t\t\t\t<\/div>\n\t\t\t\t<\/div>\n\t\t\t\t\t<\/div>\n\t\t<\/div>\n\t\t\t\t\t<\/div>\n\t\t<\/section>\n\t\t\t\t<section class=\"elementor-section elementor-top-section elementor-element elementor-element-d165240 elementor-section-boxed elementor-section-height-default elementor-section-height-default\" data-id=\"d165240\" data-element_type=\"section\" data-e-type=\"section\" data-settings=\"{&quot;animation&quot;:&quot;none&quot;}\">\n\t\t\t\t\t\t<div class=\"elementor-container elementor-column-gap-default\">\n\t\t\t\t\t<div class=\"elementor-column elementor-col-66 elementor-top-column elementor-element elementor-element-8ebcebd\" data-id=\"8ebcebd\" data-element_type=\"column\" data-e-type=\"column\">\n\t\t\t<div class=\"elementor-widget-wrap elementor-element-populated\">\n\t\t\t\t\t\t<div class=\"elementor-element elementor-element-067e7ab elementor-widget__width-initial elementor-widget elementor-widget-image\" data-id=\"067e7ab\" data-element_type=\"widget\" data-e-type=\"widget\" data-widget_type=\"image.default\">\n\t\t\t\t<div class=\"elementor-widget-container\">\n\t\t\t\t\t\t\t\t\t\t\t\t\t\t\t\t<a href=\"https:\/\/pawelpawlicki.com\/index.php\/portfolio\/reportaze-slubne\/\">\n\t\t\t\t\t\t\t<img fetchpriority=\"high\" decoding=\"async\" width=\"1667\" height=\"2500\" src=\"https:\/\/pawelpawlicki.com\/wp-content\/uploads\/2023\/04\/287A0340-2.jpg\" class=\"attachment-full size-full wp-image-748\" alt=\"\" srcset=\"https:\/\/pawelpawlicki.com\/wp-content\/uploads\/2023\/04\/287A0340-2.jpg 1667w, https:\/\/pawelpawlicki.com\/wp-content\/uploads\/2023\/04\/287A0340-2-200x300.jpg 200w, https:\/\/pawelpawlicki.com\/wp-content\/uploads\/2023\/04\/287A0340-2-683x1024.jpg 683w, https:\/\/pawelpawlicki.com\/wp-content\/uploads\/2023\/04\/287A0340-2-768x1152.jpg 768w, https:\/\/pawelpawlicki.com\/wp-content\/uploads\/2023\/04\/287A0340-2-1024x1536.jpg 1024w, https:\/\/pawelpawlicki.com\/wp-content\/uploads\/2023\/04\/287A0340-2-1366x2048.jpg 1366w\" sizes=\"(max-width: 1667px) 100vw, 1667px\" \/>\t\t\t\t\t\t\t\t<\/a>\n\t\t\t\t\t\t\t\t\t\t\t\t\t\t\t<\/div>\n\t\t\t\t<\/div>\n\t\t\t\t\t<\/div>\n\t\t<\/div>\n\t\t\t\t<div class=\"elementor-column elementor-col-33 elementor-top-column elementor-element elementor-element-bcf0ce6\" data-id=\"bcf0ce6\" data-element_type=\"column\" data-e-type=\"column\">\n\t\t\t<div class=\"elementor-widget-wrap elementor-element-populated\">\n\t\t\t\t\t\t<div class=\"elementor-element elementor-element-0a7b1d6 elementor-widget elementor-widget-image\" data-id=\"0a7b1d6\" data-element_type=\"widget\" data-e-type=\"widget\" data-widget_type=\"image.default\">\n\t\t\t\t<div class=\"elementor-widget-container\">\n\t\t\t\t\t\t\t\t\t\t\t\t\t\t\t\t<a href=\"https:\/\/pawelpawlicki.com\/index.php\/portfolio\/fotografia-motoryzacyjna\/\">\n\t\t\t\t\t\t\t<img decoding=\"async\" width=\"2000\" height=\"1333\" src=\"https:\/\/pawelpawlicki.com\/wp-content\/uploads\/2023\/04\/IMG_6747.jpg\" class=\"attachment-full size-full wp-image-733\" alt=\"\" srcset=\"https:\/\/pawelpawlicki.com\/wp-content\/uploads\/2023\/04\/IMG_6747.jpg 2000w, https:\/\/pawelpawlicki.com\/wp-content\/uploads\/2023\/04\/IMG_6747-300x200.jpg 300w, https:\/\/pawelpawlicki.com\/wp-content\/uploads\/2023\/04\/IMG_6747-1024x682.jpg 1024w, https:\/\/pawelpawlicki.com\/wp-content\/uploads\/2023\/04\/IMG_6747-768x512.jpg 768w, https:\/\/pawelpawlicki.com\/wp-content\/uploads\/2023\/04\/IMG_6747-1536x1024.jpg 1536w\" sizes=\"(max-width: 2000px) 100vw, 2000px\" \/>\t\t\t\t\t\t\t\t<\/a>\n\t\t\t\t\t\t\t\t\t\t\t\t\t\t\t<\/div>\n\t\t\t\t<\/div>\n\t\t\t\t<div class=\"elementor-element elementor-element-f9fcbb3 elementor-widget elementor-widget-image\" data-id=\"f9fcbb3\" data-element_type=\"widget\" data-e-type=\"widget\" data-widget_type=\"image.default\">\n\t\t\t\t<div class=\"elementor-widget-container\">\n\t\t\t\t\t\t\t\t\t\t\t\t\t\t\t\t<a href=\"https:\/\/pawelpawlicki.com\/index.php\/portfolio\/fotografia-nieruchomosci\/\">\n\t\t\t\t\t\t\t<img decoding=\"async\" width=\"2560\" height=\"1155\" src=\"https:\/\/pawelpawlicki.com\/wp-content\/uploads\/2023\/04\/Bez-nazwy-23-scaled.jpg\" class=\"attachment-full size-full wp-image-738\" alt=\"\" srcset=\"https:\/\/pawelpawlicki.com\/wp-content\/uploads\/2023\/04\/Bez-nazwy-23-scaled.jpg 2560w, https:\/\/pawelpawlicki.com\/wp-content\/uploads\/2023\/04\/Bez-nazwy-23-300x135.jpg 300w, https:\/\/pawelpawlicki.com\/wp-content\/uploads\/2023\/04\/Bez-nazwy-23-1024x462.jpg 1024w, https:\/\/pawelpawlicki.com\/wp-content\/uploads\/2023\/04\/Bez-nazwy-23-768x347.jpg 768w, https:\/\/pawelpawlicki.com\/wp-content\/uploads\/2023\/04\/Bez-nazwy-23-1536x693.jpg 1536w, https:\/\/pawelpawlicki.com\/wp-content\/uploads\/2023\/04\/Bez-nazwy-23-2048x924.jpg 2048w\" sizes=\"(max-width: 2560px) 100vw, 2560px\" \/>\t\t\t\t\t\t\t\t<\/a>\n\t\t\t\t\t\t\t\t\t\t\t\t\t\t\t<\/div>\n\t\t\t\t<\/div>\n\t\t\t\t\t<\/div>\n\t\t<\/div>\n\t\t\t\t\t<\/div>\n\t\t<\/section>\n\t\t\t\t<section class=\"elementor-section elementor-top-section elementor-element elementor-element-61be5fb elementor-section-boxed elementor-section-height-default elementor-section-height-default\" data-id=\"61be5fb\" data-element_type=\"section\" data-e-type=\"section\">\n\t\t\t\t\t\t<div class=\"elementor-container elementor-column-gap-default\">\n\t\t\t\t\t<div class=\"elementor-column elementor-col-33 elementor-top-column elementor-element elementor-element-c695ca0\" data-id=\"c695ca0\" data-element_type=\"column\" data-e-type=\"column\">\n\t\t\t<div class=\"elementor-widget-wrap elementor-element-populated\">\n\t\t\t\t\t\t<div class=\"elementor-element elementor-element-19cd827 elementor-widget__width-initial elementor-widget elementor-widget-image\" data-id=\"19cd827\" data-element_type=\"widget\" data-e-type=\"widget\" data-widget_type=\"image.default\">\n\t\t\t\t<div class=\"elementor-widget-container\">\n\t\t\t\t\t\t\t\t\t\t\t\t\t\t\t\t<a href=\"https:\/\/pawelpawlicki.com\/index.php\/portfolio\/galerie\/\">\n\t\t\t\t\t\t\t<img decoding=\"async\" src=\"https:\/\/pawelpawlicki.com\/wp-content\/uploads\/2026\/02\/PP0_0360.jpg\" title=\"PP0_0360\" alt=\"PP0_0360\" loading=\"lazy\" \/>\t\t\t\t\t\t\t\t<\/a>\n\t\t\t\t\t\t\t\t\t\t\t\t\t\t\t<\/div>\n\t\t\t\t<\/div>\n\t\t\t\t\t<\/div>\n\t\t<\/div>\n\t\t\t\t<div class=\"elementor-column elementor-col-66 elementor-top-column elementor-element elementor-element-4bcf033\" data-id=\"4bcf033\" data-element_type=\"column\" data-e-type=\"column\">\n\t\t\t<div class=\"elementor-widget-wrap elementor-element-populated\">\n\t\t\t\t\t\t<div class=\"elementor-element elementor-element-68fb9d0 elementor-widget__width-initial elementor-widget elementor-widget-image\" data-id=\"68fb9d0\" data-element_type=\"widget\" data-e-type=\"widget\" data-widget_type=\"image.default\">\n\t\t\t\t<div class=\"elementor-widget-container\">\n\t\t\t\t\t\t\t\t\t\t\t\t\t\t\t\t<a href=\"https:\/\/pawelpawlicki.com\/index.php\/portfolio\/reportaze-eventowe\/\">\n\t\t\t\t\t\t\t<img loading=\"lazy\" decoding=\"async\" width=\"1024\" height=\"660\" src=\"https:\/\/pawelpawlicki.com\/wp-content\/uploads\/2023\/04\/PP1D8372-1024x660.jpg\" class=\"attachment-large size-large wp-image-734\" alt=\"\" srcset=\"https:\/\/pawelpawlicki.com\/wp-content\/uploads\/2023\/04\/PP1D8372-1024x660.jpg 1024w, https:\/\/pawelpawlicki.com\/wp-content\/uploads\/2023\/04\/PP1D8372-300x193.jpg 300w, https:\/\/pawelpawlicki.com\/wp-content\/uploads\/2023\/04\/PP1D8372-768x495.jpg 768w, https:\/\/pawelpawlicki.com\/wp-content\/uploads\/2023\/04\/PP1D8372-1536x989.jpg 1536w, https:\/\/pawelpawlicki.com\/wp-content\/uploads\/2023\/04\/PP1D8372-2048x1319.jpg 2048w\" sizes=\"(max-width: 1024px) 100vw, 1024px\" \/>\t\t\t\t\t\t\t\t<\/a>\n\t\t\t\t\t\t\t\t\t\t\t\t\t\t\t<\/div>\n\t\t\t\t<\/div>\n\t\t\t\t\t<\/div>\n\t\t<\/div>\n\t\t\t\t\t<\/div>\n\t\t<\/section>\n\t\t\t\t<\/div>\n\t\t","protected":false},"excerpt":{"rendered":"<p>PawelPawlicki Fotograf. Tw\u00f3rca cyfrowy.<\/p>\n","protected":false},"author":1,"featured_media":0,"parent":0,"menu_order":0,"comment_status":"closed","ping_status":"closed","template":"elementor_header_footer","meta":{"site-sidebar-layout":"no-sidebar","site-content-layout":"page-builder","ast-site-content-layout":"full-width-container","site-content-style":"unboxed","site-sidebar-style":"unboxed","ast-global-header-display":"","ast-banner-title-visibility":"","ast-main-header-display":"","ast-hfb-above-header-display":"","ast-hfb-below-header-display":"","ast-hfb-mobile-header-display":"","site-post-title":"disabled","ast-breadcrumbs-content":"","ast-featured-img":"disabled","footer-sml-layout":"","ast-disable-related-posts":"","theme-transparent-header-meta":"","adv-header-id-meta":"","stick-header-meta":"","header-above-stick-meta":"","header-main-stick-meta":"","header-below-stick-meta":"","astra-migrate-meta-layouts":"set","ast-page-background-enabled":"default","ast-page-background-meta":{"desktop":{"background-color":"var(--ast-global-color-4)","background-image":"","background-repeat":"repeat","background-position":"center center","background-size":"auto","background-attachment":"scroll","background-type":"","background-media":"","overlay-type":"","overlay-color":"","overlay-opacity":"","overlay-gradient":""},"tablet":{"background-color":"","background-image":"","background-repeat":"repeat","background-position":"center center","background-size":"auto","background-attachment":"scroll","background-type":"","background-media":"","overlay-type":"","overlay-color":"","overlay-opacity":"","overlay-gradient":""},"mobile":{"background-color":"","background-image":"","background-repeat":"repeat","background-position":"center center","background-size":"auto","background-attachment":"scroll","background-type":"","background-media":"","overlay-type":"","overlay-color":"","overlay-opacity":"","overlay-gradient":""}},"ast-content-background-meta":{"desktop":{"background-color":"var(--ast-global-color-5)","background-image":"","background-repeat":"repeat","background-position":"center center","background-size":"auto","background-attachment":"scroll","background-type":"","background-media":"","overlay-type":"","overlay-color":"","overlay-opacity":"","overlay-gradient":""},"tablet":{"background-color":"var(--ast-global-color-5)","background-image":"","background-repeat":"repeat","background-position":"center center","background-size":"auto","background-attachment":"scroll","background-type":"","background-media":"","overlay-type":"","overlay-color":"","overlay-opacity":"","overlay-gradient":""},"mobile":{"background-color":"var(--ast-global-color-5)","background-image":"","background-repeat":"repeat","background-position":"center center","background-size":"auto","background-attachment":"scroll","background-type":"","background-media":"","overlay-type":"","overlay-color":"","overlay-opacity":"","overlay-gradient":""}},"footnotes":""},"class_list":["post-383","page","type-page","status-publish","hentry"],"yoast_head":"<!-- This site is optimized with the Yoast SEO plugin v27.4 - https:\/\/yoast.com\/product\/yoast-seo-wordpress\/ -->\n<title>Portfolio - poznaj moje prace i zarezerwuj termin sesji<\/title>\n<meta name=\"description\" content=\"Portfolio fotograficzne \u2013 zobacz moje najlepsze zdj\u0119cia: \u015bluby, motoryzacja, eventy, komercyjne. Sprawd\u017a realizacje i poznaj m\u00f3j styl pracy.\" \/>\n<meta name=\"robots\" content=\"index, follow, max-snippet:-1, max-image-preview:large, max-video-preview:-1\" \/>\n<link rel=\"canonical\" href=\"https:\/\/pawelpawlicki.com\/index.php\/portfolio\/\" \/>\n<meta property=\"og:locale\" content=\"pl_PL\" \/>\n<meta property=\"og:type\" content=\"article\" \/>\n<meta property=\"og:title\" content=\"Portfolio - poznaj moje prace i zarezerwuj termin sesji\" \/>\n<meta property=\"og:description\" content=\"Portfolio fotograficzne \u2013 zobacz moje najlepsze zdj\u0119cia: \u015bluby, motoryzacja, eventy, komercyjne. Sprawd\u017a realizacje i poznaj m\u00f3j styl pracy.\" \/>\n<meta property=\"og:url\" content=\"https:\/\/pawelpawlicki.com\/index.php\/portfolio\/\" \/>\n<meta property=\"article:publisher\" content=\"https:\/\/www.facebook.com\/pawel.pawlicki.photography\" \/>\n<meta property=\"article:modified_time\" content=\"2026-03-10T22:51:23+00:00\" \/>\n<meta property=\"og:image\" content=\"http:\/\/pawelpawlicki.com\/wp-content\/uploads\/2023\/04\/287A0340-2.jpg\" \/>\n<meta name=\"twitter:card\" content=\"summary_large_image\" \/>\n<meta name=\"twitter:label1\" content=\"Szacowany czas czytania\" \/>\n\t<meta name=\"twitter:data1\" content=\"2 minuty\" \/>\n<script type=\"application\/ld+json\" class=\"yoast-schema-graph\">{\"@context\":\"https:\\\/\\\/schema.org\",\"@graph\":[{\"@type\":\"WebPage\",\"@id\":\"https:\\\/\\\/pawelpawlicki.com\\\/index.php\\\/portfolio\\\/\",\"url\":\"https:\\\/\\\/pawelpawlicki.com\\\/index.php\\\/portfolio\\\/\",\"name\":\"Portfolio - poznaj moje prace i zarezerwuj termin sesji\",\"isPartOf\":{\"@id\":\"https:\\\/\\\/pawelpawlicki.com\\\/#website\"},\"primaryImageOfPage\":{\"@id\":\"https:\\\/\\\/pawelpawlicki.com\\\/index.php\\\/portfolio\\\/#primaryimage\"},\"image\":{\"@id\":\"https:\\\/\\\/pawelpawlicki.com\\\/index.php\\\/portfolio\\\/#primaryimage\"},\"thumbnailUrl\":\"http:\\\/\\\/pawelpawlicki.com\\\/wp-content\\\/uploads\\\/2023\\\/04\\\/287A0340-2.jpg\",\"datePublished\":\"2023-03-25T04:01:49+00:00\",\"dateModified\":\"2026-03-10T22:51:23+00:00\",\"description\":\"Portfolio fotograficzne \u2013 zobacz moje najlepsze zdj\u0119cia: \u015bluby, motoryzacja, eventy, komercyjne. Sprawd\u017a realizacje i poznaj m\u00f3j styl pracy.\",\"breadcrumb\":{\"@id\":\"https:\\\/\\\/pawelpawlicki.com\\\/index.php\\\/portfolio\\\/#breadcrumb\"},\"inLanguage\":\"pl-PL\",\"potentialAction\":[{\"@type\":\"ReadAction\",\"target\":[\"https:\\\/\\\/pawelpawlicki.com\\\/index.php\\\/portfolio\\\/\"]}]},{\"@type\":\"ImageObject\",\"inLanguage\":\"pl-PL\",\"@id\":\"https:\\\/\\\/pawelpawlicki.com\\\/index.php\\\/portfolio\\\/#primaryimage\",\"url\":\"http:\\\/\\\/pawelpawlicki.com\\\/wp-content\\\/uploads\\\/2023\\\/04\\\/287A0340-2.jpg\",\"contentUrl\":\"http:\\\/\\\/pawelpawlicki.com\\\/wp-content\\\/uploads\\\/2023\\\/04\\\/287A0340-2.jpg\"},{\"@type\":\"BreadcrumbList\",\"@id\":\"https:\\\/\\\/pawelpawlicki.com\\\/index.php\\\/portfolio\\\/#breadcrumb\",\"itemListElement\":[{\"@type\":\"ListItem\",\"position\":1,\"name\":\"Strona g\u0142\u00f3wna\",\"item\":\"https:\\\/\\\/pawelpawlicki.com\\\/\"},{\"@type\":\"ListItem\",\"position\":2,\"name\":\"Portfolio\"}]},{\"@type\":\"WebSite\",\"@id\":\"https:\\\/\\\/pawelpawlicki.com\\\/#website\",\"url\":\"https:\\\/\\\/pawelpawlicki.com\\\/\",\"name\":\"Pan Fotograf\",\"description\":\"Pan Fotograf\",\"publisher\":{\"@id\":\"https:\\\/\\\/pawelpawlicki.com\\\/#\\\/schema\\\/person\\\/ffec830c4806b1354ac4f52050aa4e2e\"},\"potentialAction\":[{\"@type\":\"SearchAction\",\"target\":{\"@type\":\"EntryPoint\",\"urlTemplate\":\"https:\\\/\\\/pawelpawlicki.com\\\/?s={search_term_string}\"},\"query-input\":{\"@type\":\"PropertyValueSpecification\",\"valueRequired\":true,\"valueName\":\"search_term_string\"}}],\"inLanguage\":\"pl-PL\"},{\"@type\":[\"Person\",\"Organization\"],\"@id\":\"https:\\\/\\\/pawelpawlicki.com\\\/#\\\/schema\\\/person\\\/ffec830c4806b1354ac4f52050aa4e2e\",\"name\":\"admin\",\"image\":{\"@type\":\"ImageObject\",\"inLanguage\":\"pl-PL\",\"@id\":\"https:\\\/\\\/pawelpawlicki.com\\\/wp-content\\\/uploads\\\/2026\\\/03\\\/logo_japa.jpg\",\"url\":\"https:\\\/\\\/pawelpawlicki.com\\\/wp-content\\\/uploads\\\/2026\\\/03\\\/logo_japa.jpg\",\"contentUrl\":\"https:\\\/\\\/pawelpawlicki.com\\\/wp-content\\\/uploads\\\/2026\\\/03\\\/logo_japa.jpg\",\"width\":512,\"height\":512,\"caption\":\"admin\"},\"logo\":{\"@id\":\"https:\\\/\\\/pawelpawlicki.com\\\/wp-content\\\/uploads\\\/2026\\\/03\\\/logo_japa.jpg\"},\"sameAs\":[\"http:\\\/\\\/pawelpawlicki.com\",\"https:\\\/\\\/www.facebook.com\\\/pawel.pawlicki.photography\",\"https:\\\/\\\/www.instagram.com\\\/pawelpawlicki\\\/\"]}]}<\/script>\n<!-- \/ Yoast SEO plugin. -->","yoast_head_json":{"title":"Portfolio - poznaj moje prace i zarezerwuj termin sesji","description":"Portfolio fotograficzne \u2013 zobacz moje najlepsze zdj\u0119cia: \u015bluby, motoryzacja, eventy, komercyjne. Sprawd\u017a realizacje i poznaj m\u00f3j styl pracy.","robots":{"index":"index","follow":"follow","max-snippet":"max-snippet:-1","max-image-preview":"max-image-preview:large","max-video-preview":"max-video-preview:-1"},"canonical":"https:\/\/pawelpawlicki.com\/index.php\/portfolio\/","og_locale":"pl_PL","og_type":"article","og_title":"Portfolio - poznaj moje prace i zarezerwuj termin sesji","og_description":"Portfolio fotograficzne \u2013 zobacz moje najlepsze zdj\u0119cia: \u015bluby, motoryzacja, eventy, komercyjne. Sprawd\u017a realizacje i poznaj m\u00f3j styl pracy.","og_url":"https:\/\/pawelpawlicki.com\/index.php\/portfolio\/","article_publisher":"https:\/\/www.facebook.com\/pawel.pawlicki.photography","article_modified_time":"2026-03-10T22:51:23+00:00","og_image":[{"url":"http:\/\/pawelpawlicki.com\/wp-content\/uploads\/2023\/04\/287A0340-2.jpg","type":"","width":"","height":""}],"twitter_card":"summary_large_image","twitter_misc":{"Szacowany czas czytania":"2 minuty"},"schema":{"@context":"https:\/\/schema.org","@graph":[{"@type":"WebPage","@id":"https:\/\/pawelpawlicki.com\/index.php\/portfolio\/","url":"https:\/\/pawelpawlicki.com\/index.php\/portfolio\/","name":"Portfolio - poznaj moje prace i zarezerwuj termin sesji","isPartOf":{"@id":"https:\/\/pawelpawlicki.com\/#website"},"primaryImageOfPage":{"@id":"https:\/\/pawelpawlicki.com\/index.php\/portfolio\/#primaryimage"},"image":{"@id":"https:\/\/pawelpawlicki.com\/index.php\/portfolio\/#primaryimage"},"thumbnailUrl":"http:\/\/pawelpawlicki.com\/wp-content\/uploads\/2023\/04\/287A0340-2.jpg","datePublished":"2023-03-25T04:01:49+00:00","dateModified":"2026-03-10T22:51:23+00:00","description":"Portfolio fotograficzne \u2013 zobacz moje najlepsze zdj\u0119cia: \u015bluby, motoryzacja, eventy, komercyjne. Sprawd\u017a realizacje i poznaj m\u00f3j styl pracy.","breadcrumb":{"@id":"https:\/\/pawelpawlicki.com\/index.php\/portfolio\/#breadcrumb"},"inLanguage":"pl-PL","potentialAction":[{"@type":"ReadAction","target":["https:\/\/pawelpawlicki.com\/index.php\/portfolio\/"]}]},{"@type":"ImageObject","inLanguage":"pl-PL","@id":"https:\/\/pawelpawlicki.com\/index.php\/portfolio\/#primaryimage","url":"http:\/\/pawelpawlicki.com\/wp-content\/uploads\/2023\/04\/287A0340-2.jpg","contentUrl":"http:\/\/pawelpawlicki.com\/wp-content\/uploads\/2023\/04\/287A0340-2.jpg"},{"@type":"BreadcrumbList","@id":"https:\/\/pawelpawlicki.com\/index.php\/portfolio\/#breadcrumb","itemListElement":[{"@type":"ListItem","position":1,"name":"Strona g\u0142\u00f3wna","item":"https:\/\/pawelpawlicki.com\/"},{"@type":"ListItem","position":2,"name":"Portfolio"}]},{"@type":"WebSite","@id":"https:\/\/pawelpawlicki.com\/#website","url":"https:\/\/pawelpawlicki.com\/","name":"Pan Fotograf","description":"Pan Fotograf","publisher":{"@id":"https:\/\/pawelpawlicki.com\/#\/schema\/person\/ffec830c4806b1354ac4f52050aa4e2e"},"potentialAction":[{"@type":"SearchAction","target":{"@type":"EntryPoint","urlTemplate":"https:\/\/pawelpawlicki.com\/?s={search_term_string}"},"query-input":{"@type":"PropertyValueSpecification","valueRequired":true,"valueName":"search_term_string"}}],"inLanguage":"pl-PL"},{"@type":["Person","Organization"],"@id":"https:\/\/pawelpawlicki.com\/#\/schema\/person\/ffec830c4806b1354ac4f52050aa4e2e","name":"admin","image":{"@type":"ImageObject","inLanguage":"pl-PL","@id":"https:\/\/pawelpawlicki.com\/wp-content\/uploads\/2026\/03\/logo_japa.jpg","url":"https:\/\/pawelpawlicki.com\/wp-content\/uploads\/2026\/03\/logo_japa.jpg","contentUrl":"https:\/\/pawelpawlicki.com\/wp-content\/uploads\/2026\/03\/logo_japa.jpg","width":512,"height":512,"caption":"admin"},"logo":{"@id":"https:\/\/pawelpawlicki.com\/wp-content\/uploads\/2026\/03\/logo_japa.jpg"},"sameAs":["http:\/\/pawelpawlicki.com","https:\/\/www.facebook.com\/pawel.pawlicki.photography","https:\/\/www.instagram.com\/pawelpawlicki\/"]}]}},"_links":{"self":[{"href":"https:\/\/pawelpawlicki.com\/index.php\/wp-json\/wp\/v2\/pages\/383","targetHints":{"allow":["GET"]}}],"collection":[{"href":"https:\/\/pawelpawlicki.com\/index.php\/wp-json\/wp\/v2\/pages"}],"about":[{"href":"https:\/\/pawelpawlicki.com\/index.php\/wp-json\/wp\/v2\/types\/page"}],"author":[{"embeddable":true,"href":"https:\/\/pawelpawlicki.com\/index.php\/wp-json\/wp\/v2\/users\/1"}],"replies":[{"embeddable":true,"href":"https:\/\/pawelpawlicki.com\/index.php\/wp-json\/wp\/v2\/comments?post=383"}],"version-history":[{"count":68,"href":"https:\/\/pawelpawlicki.com\/index.php\/wp-json\/wp\/v2\/pages\/383\/revisions"}],"predecessor-version":[{"id":2728,"href":"https:\/\/pawelpawlicki.com\/index.php\/wp-json\/wp\/v2\/pages\/383\/revisions\/2728"}],"wp:attachment":[{"href":"https:\/\/pawelpawlicki.com\/index.php\/wp-json\/wp\/v2\/media?parent=383"}],"curies":[{"name":"wp","href":"https:\/\/api.w.org\/{rel}","templated":true}]}}