{"id":1882,"date":"2024-01-05T03:46:44","date_gmt":"2024-01-05T02:46:44","guid":{"rendered":"https:\/\/pawelpawlicki.com\/?page_id=1882"},"modified":"2026-03-10T23:48:13","modified_gmt":"2026-03-10T22:48:13","slug":"lr-preset","status":"publish","type":"page","link":"https:\/\/pawelpawlicki.com\/index.php\/lr-preset\/","title":{"rendered":"LR Preset"},"content":{"rendered":"\t\t<div data-elementor-type=\"wp-page\" data-elementor-id=\"1882\" class=\"elementor elementor-1882\">\n\t\t\t\t\t\t<section class=\"elementor-section elementor-top-section elementor-element elementor-element-231ffdea elementor-section-boxed elementor-section-height-default elementor-section-height-default\" data-id=\"231ffdea\" data-element_type=\"section\" data-e-type=\"section\" id=\"top\" data-settings=\"{&quot;background_background&quot;:&quot;classic&quot;,&quot;shape_divider_bottom&quot;:&quot;opacity-tilt&quot;}\">\n\t\t\t\t\t\t\t<div class=\"elementor-background-overlay\"><\/div>\n\t\t\t\t\t\t<div class=\"elementor-shape elementor-shape-bottom\" aria-hidden=\"true\" data-negative=\"false\">\n\t\t\t<svg xmlns=\"http:\/\/www.w3.org\/2000\/svg\" viewBox=\"0 0 2600 131.1\" preserveAspectRatio=\"none\">\n\t<path class=\"elementor-shape-fill\" d=\"M0 0L2600 0 2600 69.1 0 0z\"\/>\n\t<path class=\"elementor-shape-fill\" style=\"opacity:0.5\" d=\"M0 0L2600 0 2600 69.1 0 69.1z\"\/>\n\t<path class=\"elementor-shape-fill\" style=\"opacity:0.25\" d=\"M2600 0L0 0 0 130.1 2600 69.1z\"\/>\n<\/svg>\t\t<\/div>\n\t\t\t\t\t<div class=\"elementor-container elementor-column-gap-default\">\n\t\t\t\t\t<div class=\"elementor-column elementor-col-100 elementor-top-column elementor-element elementor-element-237f7de3\" data-id=\"237f7de3\" data-element_type=\"column\" data-e-type=\"column\">\n\t\t\t<div class=\"elementor-widget-wrap elementor-element-populated\">\n\t\t\t\t\t\t<div class=\"elementor-element elementor-element-610d2437 animated-fast elementor-invisible elementor-widget elementor-widget-heading\" data-id=\"610d2437\" data-element_type=\"widget\" data-e-type=\"widget\" data-settings=\"{&quot;_animation&quot;:&quot;fadeIn&quot;}\" data-widget_type=\"heading.default\">\n\t\t\t\t<div class=\"elementor-widget-container\">\n\t\t\t\t\t<h2 class=\"elementor-heading-title elementor-size-default\">PawelPawlicki<\/h2>\t\t\t\t<\/div>\n\t\t\t\t<\/div>\n\t\t\t\t<div class=\"elementor-element elementor-element-1b5bd73f elementor-widget-divider--view-line elementor-invisible elementor-widget elementor-widget-divider\" data-id=\"1b5bd73f\" data-element_type=\"widget\" data-e-type=\"widget\" data-settings=\"{&quot;_animation&quot;:&quot;fadeIn&quot;}\" data-widget_type=\"divider.default\">\n\t\t\t\t<div class=\"elementor-widget-container\">\n\t\t\t\t\t\t\t<div class=\"elementor-divider\">\n\t\t\t<span class=\"elementor-divider-separator\">\n\t\t\t\t\t\t<\/span>\n\t\t<\/div>\n\t\t\t\t\t\t<\/div>\n\t\t\t\t<\/div>\n\t\t\t\t<div class=\"elementor-element elementor-element-72ff1137 animated-slow elementor-invisible elementor-widget elementor-widget-heading\" data-id=\"72ff1137\" data-element_type=\"widget\" data-e-type=\"widget\" data-settings=\"{&quot;_animation&quot;:&quot;fadeIn&quot;}\" data-widget_type=\"heading.default\">\n\t\t\t\t<div class=\"elementor-widget-container\">\n\t\t\t\t\t<h2 class=\"elementor-heading-title elementor-size-default\"><i>Fotograf. Tw\u00f3rca cyfrowy.<\/i><\/h2>\t\t\t\t<\/div>\n\t\t\t\t<\/div>\n\t\t\t\t\t<\/div>\n\t\t<\/div>\n\t\t\t\t\t<\/div>\n\t\t<\/section>\n\t\t\t\t<section class=\"elementor-section elementor-top-section elementor-element elementor-element-565366ad elementor-section-items-stretch elementor-section-height-min-height elementor-section-boxed elementor-section-height-default elementor-invisible\" data-id=\"565366ad\" data-element_type=\"section\" data-e-type=\"section\" data-settings=\"{&quot;background_background&quot;:&quot;classic&quot;,&quot;animation&quot;:&quot;slideInRight&quot;,&quot;animation_mobile&quot;:&quot;none&quot;}\">\n\t\t\t\t\t\t<div class=\"elementor-container elementor-column-gap-extended\">\n\t\t\t\t\t<div class=\"elementor-column elementor-col-66 elementor-top-column elementor-element elementor-element-5973fcdd\" data-id=\"5973fcdd\" data-element_type=\"column\" data-e-type=\"column\" data-settings=\"{&quot;background_background&quot;:&quot;classic&quot;}\">\n\t\t\t<div class=\"elementor-widget-wrap elementor-element-populated\">\n\t\t\t\t\t<div class=\"elementor-background-overlay\"><\/div>\n\t\t\t\t\t\t<div class=\"elementor-element elementor-element-4fd67ea8 elementor-invisible elementor-widget elementor-widget-heading\" data-id=\"4fd67ea8\" data-element_type=\"widget\" data-e-type=\"widget\" data-settings=\"{&quot;_animation&quot;:&quot;fadeInRight&quot;,&quot;_animation_mobile&quot;:&quot;none&quot;}\" data-widget_type=\"heading.default\">\n\t\t\t\t<div class=\"elementor-widget-container\">\n\t\t\t\t\t<h2 class=\"elementor-heading-title elementor-size-default\">Darmowy lightroom preset<\/h2>\t\t\t\t<\/div>\n\t\t\t\t<\/div>\n\t\t\t\t<div class=\"elementor-element elementor-element-51c16ca elementor-align-center elementor-widget elementor-widget-button\" data-id=\"51c16ca\" data-element_type=\"widget\" data-e-type=\"widget\" data-widget_type=\"button.default\">\n\t\t\t\t<div class=\"elementor-widget-container\">\n\t\t\t\t\t\t\t\t\t<div class=\"elementor-button-wrapper\">\n\t\t\t\t\t<a class=\"elementor-button elementor-button-link elementor-size-sm\" href=\"https:\/\/drive.google.com\/drive\/folders\/1ZzerWkWckoMD3CKBkyktgDDUpvEVkp4f?usp=sharing\" target=\"_blank\">\n\t\t\t\t\t\t<span class=\"elementor-button-content-wrapper\">\n\t\t\t\t\t\t\t\t\t<span class=\"elementor-button-text\">Pobierz preset<\/span>\n\t\t\t\t\t<\/span>\n\t\t\t\t\t<\/a>\n\t\t\t\t<\/div>\n\t\t\t\t\t\t\t\t<\/div>\n\t\t\t\t<\/div>\n\t\t\t\t<div class=\"elementor-element elementor-element-7a0dcbe8 elementor-invisible elementor-widget elementor-widget-text-editor\" data-id=\"7a0dcbe8\" data-element_type=\"widget\" data-e-type=\"widget\" data-settings=\"{&quot;_animation&quot;:&quot;fadeInRight&quot;,&quot;_animation_mobile&quot;:&quot;none&quot;}\" data-widget_type=\"text-editor.default\">\n\t\t\t\t<div class=\"elementor-widget-container\">\n\t\t\t\t\t\t\t\t\t<p><strong>Krok 1<\/strong>: Importowanie plik\u00f3w DNG do Lightroom<\/p>\n<p>Najpierw musisz zaimportowa\u0107 plik DNG do Lightrooma. Proces ten jest taki sam, jak w przypadku importowania nowych zdj\u0119\u0107 i folder\u00f3w. Je\u015bli nie wiesz, jak to zrobi\u0107, post\u0119puj zgodnie z poni\u017cszymi krokami:<\/p>\n<p>Biblioteka &gt; Foldery &gt; Dodaj folder &gt; Importuj<\/p>\n<p><strong>Krok 2<\/strong>: Tworzenie Presetu &#8211; Lightroom Desktop<\/p>\n<p>Przejd\u017a do folderu, kt\u00f3ry zaimportowa\u0142e\u015b, i przejd\u017a do zak\u0142adki Develop. Gdy otworzysz pierwszy plik DNG z folderu zaimportowanego w kroku 1, w sekcji rozwijania zobaczysz ustawienia obrazu w prawym rogu. Z tych ustawie\u0144 musisz utworzy\u0107 nowy preset, aby u\u017cywa\u0107 go w przysz\u0142o\u015bci.<\/p>\n<p>Przejd\u017a do symbolu &#8222;+&#8221; obok Preset\u00f3w po lewej stronie w sekcji Develop. Kliknij \u201eUtw\u00f3rz preset\u201d. Ustaw nazw\u0119 dla presetu i zapisz. Nie musisz zmienia\u0107 ustawie\u0144 w tym oknie. W\u0142a\u015bnie zaimportowa\u0142e\u015b Preset DNG do wersji desktopowej Lightrooma.<br><br>Dla zaawansowanych: mo\u017cesz r\u00f3wnie\u017c pobra\u0107 i zaimportowa\u0107 gotowy preset bezpo\u015brednio z udost\u0119pnionego do pobrania pliku XML. Wystarczy we wskazanej powy\u017cej sekcji preset\u00f3w klikn\u0105\u0107 &#8222;Import preset&#8221;, a nast\u0119pnie wskaza\u0107 odpowiedni plik XML z miejsca, do kt\u00f3rego zosta\u0142 pobrany.<\/p>\t\t\t\t\t\t\t\t<\/div>\n\t\t\t\t<\/div>\n\t\t\t\t\t<\/div>\n\t\t<\/div>\n\t\t\t\t<div class=\"elementor-column elementor-col-33 elementor-top-column elementor-element elementor-element-1d3e8ad6\" data-id=\"1d3e8ad6\" data-element_type=\"column\" data-e-type=\"column\" data-settings=\"{&quot;background_background&quot;:&quot;classic&quot;}\">\n\t\t\t<div class=\"elementor-widget-wrap elementor-element-populated\">\n\t\t\t\t\t<div class=\"elementor-background-overlay\"><\/div>\n\t\t\t\t\t\t<div class=\"elementor-element elementor-element-10d34a6 elementor-invisible elementor-widget elementor-widget-heading\" data-id=\"10d34a6\" data-element_type=\"widget\" data-e-type=\"widget\" data-settings=\"{&quot;_animation&quot;:&quot;fadeInRight&quot;,&quot;_animation_mobile&quot;:&quot;none&quot;}\" data-widget_type=\"heading.default\">\n\t\t\t\t<div class=\"elementor-widget-container\">\n\t\t\t\t\t<h2 class=\"elementor-heading-title elementor-size-default\">Przed i Po<\/h2>\t\t\t\t<\/div>\n\t\t\t\t<\/div>\n\t\t\t\t<div class=\"elementor-element elementor-element-791266b3 elementor-arrows-position-inside elementor-pagination-position-outside elementor-widget elementor-widget-image-carousel\" data-id=\"791266b3\" data-element_type=\"widget\" data-e-type=\"widget\" data-settings=\"{&quot;slides_to_show&quot;:&quot;1&quot;,&quot;autoplay_speed&quot;:1000,&quot;effect&quot;:&quot;fade&quot;,&quot;_animation_mobile&quot;:&quot;none&quot;,&quot;navigation&quot;:&quot;both&quot;,&quot;autoplay&quot;:&quot;yes&quot;,&quot;pause_on_hover&quot;:&quot;yes&quot;,&quot;pause_on_interaction&quot;:&quot;yes&quot;,&quot;infinite&quot;:&quot;yes&quot;,&quot;speed&quot;:500}\" data-widget_type=\"image-carousel.default\">\n\t\t\t\t<div class=\"elementor-widget-container\">\n\t\t\t\t\t\t\t<div class=\"elementor-image-carousel-wrapper swiper\" role=\"region\" aria-roledescription=\"carousel\" aria-label=\"Karuzela obrazk\u00f3w\" dir=\"ltr\">\n\t\t\t<div class=\"elementor-image-carousel swiper-wrapper\" aria-live=\"off\">\n\t\t\t\t\t\t\t\t<div class=\"swiper-slide\" role=\"group\" aria-roledescription=\"slide\" aria-label=\"1 z 2\"><figure class=\"swiper-slide-inner\"><img decoding=\"async\" class=\"swiper-slide-image\" src=\"https:\/\/pawelpawlicki.com\/wp-content\/uploads\/2024\/01\/DJI_0081-2-scaled.jpg\" alt=\"DJI_0081-2\" \/><\/figure><\/div><div class=\"swiper-slide\" role=\"group\" aria-roledescription=\"slide\" aria-label=\"2 z 2\"><figure class=\"swiper-slide-inner\"><img decoding=\"async\" class=\"swiper-slide-image\" src=\"https:\/\/pawelpawlicki.com\/wp-content\/uploads\/2024\/01\/DJI_0081-scaled.jpg\" alt=\"DJI_0081\" \/><\/figure><\/div>\t\t\t<\/div>\n\t\t\t\t\t\t\t\t\t\t\t\t<div class=\"elementor-swiper-button elementor-swiper-button-prev\" role=\"button\" tabindex=\"0\">\n\t\t\t\t\t\t<i aria-hidden=\"true\" class=\"eicon-chevron-left\"><\/i>\t\t\t\t\t<\/div>\n\t\t\t\t\t<div class=\"elementor-swiper-button elementor-swiper-button-next\" role=\"button\" tabindex=\"0\">\n\t\t\t\t\t\t<i aria-hidden=\"true\" class=\"eicon-chevron-right\"><\/i>\t\t\t\t\t<\/div>\n\t\t\t\t\n\t\t\t\t\t\t\t\t\t<div class=\"swiper-pagination\"><\/div>\n\t\t\t\t\t\t\t\t\t<\/div>\n\t\t\t\t\t\t<\/div>\n\t\t\t\t<\/div>\n\t\t\t\t\t<\/div>\n\t\t<\/div>\n\t\t\t\t\t<\/div>\n\t\t<\/section>\n\t\t\t\t<section class=\"elementor-section elementor-top-section elementor-element elementor-element-520fe02 elementor-section-boxed elementor-section-height-default elementor-section-height-default\" data-id=\"520fe02\" data-element_type=\"section\" data-e-type=\"section\">\n\t\t\t\t\t\t<div class=\"elementor-container elementor-column-gap-default\">\n\t\t\t\t\t<div class=\"elementor-column elementor-col-100 elementor-top-column elementor-element elementor-element-08a2202\" data-id=\"08a2202\" data-element_type=\"column\" data-e-type=\"column\">\n\t\t\t<div class=\"elementor-widget-wrap\">\n\t\t\t\t\t\t\t<\/div>\n\t\t<\/div>\n\t\t\t\t\t<\/div>\n\t\t<\/section>\n\t\t\t\t<\/div>\n\t\t","protected":false},"excerpt":{"rendered":"<p>PawelPawlicki Fotograf. Tw\u00f3rca cyfrowy. Darmowy lightroom preset Pobierz preset Krok 1: Importowanie plik\u00f3w DNG do Lightroom Najpierw musisz zaimportowa\u0107 plik DNG do Lightrooma. Proces ten jest taki sam, jak w przypadku importowania nowych zdj\u0119\u0107 i folder\u00f3w. Je\u015bli nie wiesz, jak to zrobi\u0107, post\u0119puj zgodnie z poni\u017cszymi krokami: Biblioteka &gt; Foldery &gt; Dodaj folder &gt; Importuj [&hellip;]<\/p>\n","protected":false},"author":1,"featured_media":0,"parent":0,"menu_order":0,"comment_status":"closed","ping_status":"closed","template":"elementor_header_footer","meta":{"site-sidebar-layout":"no-sidebar","site-content-layout":"page-builder","ast-site-content-layout":"full-width-container","site-content-style":"unboxed","site-sidebar-style":"unboxed","ast-global-header-display":"","ast-banner-title-visibility":"","ast-main-header-display":"","ast-hfb-above-header-display":"","ast-hfb-below-header-display":"","ast-hfb-mobile-header-display":"","site-post-title":"disabled","ast-breadcrumbs-content":"","ast-featured-img":"disabled","footer-sml-layout":"","ast-disable-related-posts":"","theme-transparent-header-meta":"","adv-header-id-meta":"","stick-header-meta":"","header-above-stick-meta":"","header-main-stick-meta":"","header-below-stick-meta":"","astra-migrate-meta-layouts":"set","ast-page-background-enabled":"default","ast-page-background-meta":{"desktop":{"background-color":"var(--ast-global-color-4)","background-image":"","background-repeat":"repeat","background-position":"center center","background-size":"auto","background-attachment":"scroll","background-type":"","background-media":"","overlay-type":"","overlay-color":"","overlay-opacity":"","overlay-gradient":""},"tablet":{"background-color":"","background-image":"","background-repeat":"repeat","background-position":"center center","background-size":"auto","background-attachment":"scroll","background-type":"","background-media":"","overlay-type":"","overlay-color":"","overlay-opacity":"","overlay-gradient":""},"mobile":{"background-color":"","background-image":"","background-repeat":"repeat","background-position":"center center","background-size":"auto","background-attachment":"scroll","background-type":"","background-media":"","overlay-type":"","overlay-color":"","overlay-opacity":"","overlay-gradient":""}},"ast-content-background-meta":{"desktop":{"background-color":"var(--ast-global-color-5)","background-image":"","background-repeat":"repeat","background-position":"center center","background-size":"auto","background-attachment":"scroll","background-type":"","background-media":"","overlay-type":"","overlay-color":"","overlay-opacity":"","overlay-gradient":""},"tablet":{"background-color":"var(--ast-global-color-5)","background-image":"","background-repeat":"repeat","background-position":"center center","background-size":"auto","background-attachment":"scroll","background-type":"","background-media":"","overlay-type":"","overlay-color":"","overlay-opacity":"","overlay-gradient":""},"mobile":{"background-color":"var(--ast-global-color-5)","background-image":"","background-repeat":"repeat","background-position":"center center","background-size":"auto","background-attachment":"scroll","background-type":"","background-media":"","overlay-type":"","overlay-color":"","overlay-opacity":"","overlay-gradient":""}},"footnotes":""},"class_list":["post-1882","page","type-page","status-publish","hentry"],"yoast_head":"<!-- This site is optimized with the Yoast SEO plugin v27.4 - https:\/\/yoast.com\/product\/yoast-seo-wordpress\/ -->\n<title>LR Preset - darmowy preset lightroom<\/title>\n<meta name=\"description\" content=\"Darmowy preset Lightroom do szybkiej i efektownej obr\u00f3bki. Pobierz za darmo i nadaj swoim fotografiom profesjonalny wygl\u0105d w kilka klikni\u0119\u0107.\" \/>\n<meta name=\"robots\" content=\"index, follow, max-snippet:-1, max-image-preview:large, max-video-preview:-1\" \/>\n<link rel=\"canonical\" href=\"https:\/\/pawelpawlicki.com\/index.php\/lr-preset\/\" \/>\n<meta property=\"og:locale\" content=\"pl_PL\" \/>\n<meta property=\"og:type\" content=\"article\" \/>\n<meta property=\"og:title\" content=\"LR Preset - darmowy preset lightroom\" \/>\n<meta property=\"og:description\" content=\"Darmowy preset Lightroom do szybkiej i efektownej obr\u00f3bki. Pobierz za darmo i nadaj swoim fotografiom profesjonalny wygl\u0105d w kilka klikni\u0119\u0107.\" \/>\n<meta property=\"og:url\" content=\"https:\/\/pawelpawlicki.com\/index.php\/lr-preset\/\" \/>\n<meta property=\"article:publisher\" content=\"https:\/\/www.facebook.com\/pawel.pawlicki.photography\" \/>\n<meta property=\"article:modified_time\" content=\"2026-03-10T22:48:13+00:00\" \/>\n<meta property=\"og:image\" content=\"http:\/\/pawelpawlicki.com\/wp-content\/uploads\/2024\/01\/DJI_0081-2-scaled.jpg\" \/>\n<meta name=\"twitter:card\" content=\"summary_large_image\" \/>\n<meta name=\"twitter:label1\" content=\"Szacowany czas czytania\" \/>\n\t<meta name=\"twitter:data1\" content=\"2 minuty\" \/>\n<script type=\"application\/ld+json\" class=\"yoast-schema-graph\">{\"@context\":\"https:\\\/\\\/schema.org\",\"@graph\":[{\"@type\":\"WebPage\",\"@id\":\"https:\\\/\\\/pawelpawlicki.com\\\/index.php\\\/lr-preset\\\/\",\"url\":\"https:\\\/\\\/pawelpawlicki.com\\\/index.php\\\/lr-preset\\\/\",\"name\":\"LR Preset - darmowy preset lightroom\",\"isPartOf\":{\"@id\":\"https:\\\/\\\/pawelpawlicki.com\\\/#website\"},\"primaryImageOfPage\":{\"@id\":\"https:\\\/\\\/pawelpawlicki.com\\\/index.php\\\/lr-preset\\\/#primaryimage\"},\"image\":{\"@id\":\"https:\\\/\\\/pawelpawlicki.com\\\/index.php\\\/lr-preset\\\/#primaryimage\"},\"thumbnailUrl\":\"http:\\\/\\\/pawelpawlicki.com\\\/wp-content\\\/uploads\\\/2024\\\/01\\\/DJI_0081-2-scaled.jpg\",\"datePublished\":\"2024-01-05T02:46:44+00:00\",\"dateModified\":\"2026-03-10T22:48:13+00:00\",\"description\":\"Darmowy preset Lightroom do szybkiej i efektownej obr\u00f3bki. Pobierz za darmo i nadaj swoim fotografiom profesjonalny wygl\u0105d w kilka klikni\u0119\u0107.\",\"breadcrumb\":{\"@id\":\"https:\\\/\\\/pawelpawlicki.com\\\/index.php\\\/lr-preset\\\/#breadcrumb\"},\"inLanguage\":\"pl-PL\",\"potentialAction\":[{\"@type\":\"ReadAction\",\"target\":[\"https:\\\/\\\/pawelpawlicki.com\\\/index.php\\\/lr-preset\\\/\"]}]},{\"@type\":\"ImageObject\",\"inLanguage\":\"pl-PL\",\"@id\":\"https:\\\/\\\/pawelpawlicki.com\\\/index.php\\\/lr-preset\\\/#primaryimage\",\"url\":\"http:\\\/\\\/pawelpawlicki.com\\\/wp-content\\\/uploads\\\/2024\\\/01\\\/DJI_0081-2-scaled.jpg\",\"contentUrl\":\"http:\\\/\\\/pawelpawlicki.com\\\/wp-content\\\/uploads\\\/2024\\\/01\\\/DJI_0081-2-scaled.jpg\"},{\"@type\":\"BreadcrumbList\",\"@id\":\"https:\\\/\\\/pawelpawlicki.com\\\/index.php\\\/lr-preset\\\/#breadcrumb\",\"itemListElement\":[{\"@type\":\"ListItem\",\"position\":1,\"name\":\"Strona g\u0142\u00f3wna\",\"item\":\"https:\\\/\\\/pawelpawlicki.com\\\/\"},{\"@type\":\"ListItem\",\"position\":2,\"name\":\"LR Preset\"}]},{\"@type\":\"WebSite\",\"@id\":\"https:\\\/\\\/pawelpawlicki.com\\\/#website\",\"url\":\"https:\\\/\\\/pawelpawlicki.com\\\/\",\"name\":\"Pan Fotograf\",\"description\":\"Pan Fotograf\",\"publisher\":{\"@id\":\"https:\\\/\\\/pawelpawlicki.com\\\/#\\\/schema\\\/person\\\/ffec830c4806b1354ac4f52050aa4e2e\"},\"potentialAction\":[{\"@type\":\"SearchAction\",\"target\":{\"@type\":\"EntryPoint\",\"urlTemplate\":\"https:\\\/\\\/pawelpawlicki.com\\\/?s={search_term_string}\"},\"query-input\":{\"@type\":\"PropertyValueSpecification\",\"valueRequired\":true,\"valueName\":\"search_term_string\"}}],\"inLanguage\":\"pl-PL\"},{\"@type\":[\"Person\",\"Organization\"],\"@id\":\"https:\\\/\\\/pawelpawlicki.com\\\/#\\\/schema\\\/person\\\/ffec830c4806b1354ac4f52050aa4e2e\",\"name\":\"admin\",\"image\":{\"@type\":\"ImageObject\",\"inLanguage\":\"pl-PL\",\"@id\":\"https:\\\/\\\/pawelpawlicki.com\\\/wp-content\\\/uploads\\\/2026\\\/03\\\/logo_japa.jpg\",\"url\":\"https:\\\/\\\/pawelpawlicki.com\\\/wp-content\\\/uploads\\\/2026\\\/03\\\/logo_japa.jpg\",\"contentUrl\":\"https:\\\/\\\/pawelpawlicki.com\\\/wp-content\\\/uploads\\\/2026\\\/03\\\/logo_japa.jpg\",\"width\":512,\"height\":512,\"caption\":\"admin\"},\"logo\":{\"@id\":\"https:\\\/\\\/pawelpawlicki.com\\\/wp-content\\\/uploads\\\/2026\\\/03\\\/logo_japa.jpg\"},\"sameAs\":[\"http:\\\/\\\/pawelpawlicki.com\",\"https:\\\/\\\/www.facebook.com\\\/pawel.pawlicki.photography\",\"https:\\\/\\\/www.instagram.com\\\/pawelpawlicki\\\/\"]}]}<\/script>\n<!-- \/ Yoast SEO plugin. -->","yoast_head_json":{"title":"LR Preset - darmowy preset lightroom","description":"Darmowy preset Lightroom do szybkiej i efektownej obr\u00f3bki. Pobierz za darmo i nadaj swoim fotografiom profesjonalny wygl\u0105d w kilka klikni\u0119\u0107.","robots":{"index":"index","follow":"follow","max-snippet":"max-snippet:-1","max-image-preview":"max-image-preview:large","max-video-preview":"max-video-preview:-1"},"canonical":"https:\/\/pawelpawlicki.com\/index.php\/lr-preset\/","og_locale":"pl_PL","og_type":"article","og_title":"LR Preset - darmowy preset lightroom","og_description":"Darmowy preset Lightroom do szybkiej i efektownej obr\u00f3bki. Pobierz za darmo i nadaj swoim fotografiom profesjonalny wygl\u0105d w kilka klikni\u0119\u0107.","og_url":"https:\/\/pawelpawlicki.com\/index.php\/lr-preset\/","article_publisher":"https:\/\/www.facebook.com\/pawel.pawlicki.photography","article_modified_time":"2026-03-10T22:48:13+00:00","og_image":[{"url":"http:\/\/pawelpawlicki.com\/wp-content\/uploads\/2024\/01\/DJI_0081-2-scaled.jpg","type":"","width":"","height":""}],"twitter_card":"summary_large_image","twitter_misc":{"Szacowany czas czytania":"2 minuty"},"schema":{"@context":"https:\/\/schema.org","@graph":[{"@type":"WebPage","@id":"https:\/\/pawelpawlicki.com\/index.php\/lr-preset\/","url":"https:\/\/pawelpawlicki.com\/index.php\/lr-preset\/","name":"LR Preset - darmowy preset lightroom","isPartOf":{"@id":"https:\/\/pawelpawlicki.com\/#website"},"primaryImageOfPage":{"@id":"https:\/\/pawelpawlicki.com\/index.php\/lr-preset\/#primaryimage"},"image":{"@id":"https:\/\/pawelpawlicki.com\/index.php\/lr-preset\/#primaryimage"},"thumbnailUrl":"http:\/\/pawelpawlicki.com\/wp-content\/uploads\/2024\/01\/DJI_0081-2-scaled.jpg","datePublished":"2024-01-05T02:46:44+00:00","dateModified":"2026-03-10T22:48:13+00:00","description":"Darmowy preset Lightroom do szybkiej i efektownej obr\u00f3bki. Pobierz za darmo i nadaj swoim fotografiom profesjonalny wygl\u0105d w kilka klikni\u0119\u0107.","breadcrumb":{"@id":"https:\/\/pawelpawlicki.com\/index.php\/lr-preset\/#breadcrumb"},"inLanguage":"pl-PL","potentialAction":[{"@type":"ReadAction","target":["https:\/\/pawelpawlicki.com\/index.php\/lr-preset\/"]}]},{"@type":"ImageObject","inLanguage":"pl-PL","@id":"https:\/\/pawelpawlicki.com\/index.php\/lr-preset\/#primaryimage","url":"http:\/\/pawelpawlicki.com\/wp-content\/uploads\/2024\/01\/DJI_0081-2-scaled.jpg","contentUrl":"http:\/\/pawelpawlicki.com\/wp-content\/uploads\/2024\/01\/DJI_0081-2-scaled.jpg"},{"@type":"BreadcrumbList","@id":"https:\/\/pawelpawlicki.com\/index.php\/lr-preset\/#breadcrumb","itemListElement":[{"@type":"ListItem","position":1,"name":"Strona g\u0142\u00f3wna","item":"https:\/\/pawelpawlicki.com\/"},{"@type":"ListItem","position":2,"name":"LR Preset"}]},{"@type":"WebSite","@id":"https:\/\/pawelpawlicki.com\/#website","url":"https:\/\/pawelpawlicki.com\/","name":"Pan Fotograf","description":"Pan Fotograf","publisher":{"@id":"https:\/\/pawelpawlicki.com\/#\/schema\/person\/ffec830c4806b1354ac4f52050aa4e2e"},"potentialAction":[{"@type":"SearchAction","target":{"@type":"EntryPoint","urlTemplate":"https:\/\/pawelpawlicki.com\/?s={search_term_string}"},"query-input":{"@type":"PropertyValueSpecification","valueRequired":true,"valueName":"search_term_string"}}],"inLanguage":"pl-PL"},{"@type":["Person","Organization"],"@id":"https:\/\/pawelpawlicki.com\/#\/schema\/person\/ffec830c4806b1354ac4f52050aa4e2e","name":"admin","image":{"@type":"ImageObject","inLanguage":"pl-PL","@id":"https:\/\/pawelpawlicki.com\/wp-content\/uploads\/2026\/03\/logo_japa.jpg","url":"https:\/\/pawelpawlicki.com\/wp-content\/uploads\/2026\/03\/logo_japa.jpg","contentUrl":"https:\/\/pawelpawlicki.com\/wp-content\/uploads\/2026\/03\/logo_japa.jpg","width":512,"height":512,"caption":"admin"},"logo":{"@id":"https:\/\/pawelpawlicki.com\/wp-content\/uploads\/2026\/03\/logo_japa.jpg"},"sameAs":["http:\/\/pawelpawlicki.com","https:\/\/www.facebook.com\/pawel.pawlicki.photography","https:\/\/www.instagram.com\/pawelpawlicki\/"]}]}},"_links":{"self":[{"href":"https:\/\/pawelpawlicki.com\/index.php\/wp-json\/wp\/v2\/pages\/1882","targetHints":{"allow":["GET"]}}],"collection":[{"href":"https:\/\/pawelpawlicki.com\/index.php\/wp-json\/wp\/v2\/pages"}],"about":[{"href":"https:\/\/pawelpawlicki.com\/index.php\/wp-json\/wp\/v2\/types\/page"}],"author":[{"embeddable":true,"href":"https:\/\/pawelpawlicki.com\/index.php\/wp-json\/wp\/v2\/users\/1"}],"replies":[{"embeddable":true,"href":"https:\/\/pawelpawlicki.com\/index.php\/wp-json\/wp\/v2\/comments?post=1882"}],"version-history":[{"count":24,"href":"https:\/\/pawelpawlicki.com\/index.php\/wp-json\/wp\/v2\/pages\/1882\/revisions"}],"predecessor-version":[{"id":2726,"href":"https:\/\/pawelpawlicki.com\/index.php\/wp-json\/wp\/v2\/pages\/1882\/revisions\/2726"}],"wp:attachment":[{"href":"https:\/\/pawelpawlicki.com\/index.php\/wp-json\/wp\/v2\/media?parent=1882"}],"curies":[{"name":"wp","href":"https:\/\/api.w.org\/{rel}","templated":true}]}}